{"id":1170,"date":"2019-01-18T10:07:31","date_gmt":"2019-01-18T10:07:31","guid":{"rendered":"https:\/\/dacotrans.com.sv\/index.php\/full-width\/"},"modified":"2019-01-18T10:07:31","modified_gmt":"2019-01-18T10:07:31","slug":"full-width","status":"publish","type":"page","link":"https:\/\/dacotrans.com.sv\/index.php\/full-width\/","title":{"rendered":"Full Width"},"content":{"rendered":"<section class=\"wpb-content-wrapper\">[vc_row full_width=\u00bbstretch_row_content\u00bb][vc_column]<section id='cws_portfolio_posts_grid_69f5bffb27a78' class='posts_grid cws_portfolio_posts_grid cws_portfolio_posts_grid posts_grid_3 posts_grid_grid meta_show simple_filter render_styles ' data-style='&quot;&quot;' data-col='3'><div class='cws_vc_shortcode_wrapper'><div class='cws_vc_shortcode_grid'><div class='grid-sizer'><\/div><article id='post_post_69f5bffb294c3' class='sea-freight tax_portfolio item portfolio_item_post portfolio_item_grid_post item clearfix under_img appear_style hoverdef'   ><div class='item_content'><div class='post_media post_post_media post_posts_grid_post_media'><div class='pic'><img src='https:\/\/dacotrans.com.sv\/wp-content\/uploads\/2019\/01\/9-1-1_017200d00_1135.jpg' data-at2x='https:\/\/dacotrans.com.sv\/wp-content\/uploads\/2019\/01\/9-1-1_017200d00_1135@2x.jpg'  alt='9' \/><\/div><div class='cws_portfolio_content_wrap'><div class='links_wrap'><\/div><a href='https:\/\/dacotrans.com.sv\/index.php\/portfolio\/transporte-maritimo\/' class='links area'><\/a><\/div><\/div><div class='under_image_portfolio'><h3 class='cws_portfolio_post_title post_title text_aligncenter'><a href='https:\/\/dacotrans.com.sv\/index.php\/portfolio\/transporte-maritimo\/'>Transporte Mar\u00edtimo<\/a><\/h3><div class='cws_portfolio_post_terms post_terms text_aligncenter'>&#x20;<a href='https:\/\/dacotrans.com.sv\/index.php\/portfolio_cat\/sea-freight\/'>Sea Freight<\/a><\/div><div class='cws_portfolio_posts_grid_post_content post_content text_aligncenter'>Transporte\u00a0Mar\u00edtimo El transporte mar\u00edtimo internacional de cargas, consiste en llevar mercanc\u00edas de un punto a otro, v\u00eda mar\u00edtima seg<\/div><\/div><\/div><\/article><article id='post_post_69f5bffb29ca9' class='sea-freight tax_portfolio item portfolio_item_post portfolio_item_grid_post item clearfix under_img appear_style hoverdef'   ><div class='item_content'><div class='post_media post_post_media post_posts_grid_post_media'><div class='pic'><img src='https:\/\/dacotrans.com.sv\/wp-content\/uploads\/2019\/01\/camion_017201150_3774.jpg' data-at2x='https:\/\/dacotrans.com.sv\/wp-content\/uploads\/2019\/01\/camion_017201150_3774@2x.jpg'  alt='camion' \/><\/div><div class='cws_portfolio_content_wrap'><div class='links_wrap'><\/div><a href='https:\/\/dacotrans.com.sv\/index.php\/portfolio\/transporte-terrestre\/' class='links area'><\/a><\/div><\/div><div class='under_image_portfolio'><h3 class='cws_portfolio_post_title post_title text_aligncenter'><a href='https:\/\/dacotrans.com.sv\/index.php\/portfolio\/transporte-terrestre\/'>Transporte Terrestre<\/a><\/h3><div class='cws_portfolio_post_terms post_terms text_aligncenter'>&#x20;<a href='https:\/\/dacotrans.com.sv\/index.php\/portfolio_cat\/sea-freight\/'>Sea Freight<\/a><\/div><div class='cws_portfolio_posts_grid_post_content post_content text_aligncenter'>Transporte Terrestre Ofrecemos transporte terrestre local y regional, donde su mercader\u00eda puede ser colocado hasta sus bodegas. Nos enfocam<\/div><\/div><\/div><\/article><article id='post_post_69f5bffb2a375' class='air-freight tax_portfolio item portfolio_item_post portfolio_item_grid_post item clearfix under_img appear_style hoverdef'   ><div class='item_content'><div class='post_media post_post_media post_posts_grid_post_media'><div class='pic'><img src='https:\/\/dacotrans.com.sv\/wp-content\/uploads\/2019\/01\/carga_aerea_017200f60_3775.jpg' data-at2x='https:\/\/dacotrans.com.sv\/wp-content\/uploads\/2019\/01\/carga_aerea_017200f60_3775@2x.jpg'  alt='carga_aerea' \/><\/div><div class='cws_portfolio_content_wrap'><div class='links_wrap'><\/div><a href='https:\/\/dacotrans.com.sv\/index.php\/portfolio\/transporte-aereo\/' class='links area'><\/a><\/div><\/div><div class='under_image_portfolio'><h3 class='cws_portfolio_post_title post_title text_aligncenter'><a href='https:\/\/dacotrans.com.sv\/index.php\/portfolio\/transporte-aereo\/'>Transporte A\u00e9reo<\/a><\/h3><div class='cws_portfolio_post_terms post_terms text_aligncenter'>&#x20;<a href='https:\/\/dacotrans.com.sv\/index.php\/portfolio_cat\/air-freight\/'>Air Freight<\/a><\/div><div class='cws_portfolio_posts_grid_post_content post_content text_aligncenter'>Transporte A\u00e9reo Dacotrans ofrece servicios de transporte de carga v\u00eda a\u00e9rea desde los aeropuertos m\u00e1s importantes del mundo, optimizand<\/div><\/div><\/div><\/article><article id='post_post_69f5bffb2aa41' class='ocean-freight tax_portfolio item portfolio_item_post portfolio_item_grid_post item clearfix under_img appear_style hoverdef'   ><div class='item_content'><div class='post_media post_post_media post_posts_grid_post_media'><div class='pic'><img src='https:\/\/dacotrans.com.sv\/wp-content\/uploads\/2019\/01\/tramite_aduanal2_017200f60_3772.jpg' data-at2x='https:\/\/dacotrans.com.sv\/wp-content\/uploads\/2019\/01\/tramite_aduanal2_017200f60_3772@2x.jpg'  alt='tramite_aduanal2' \/><\/div><div class='cws_portfolio_content_wrap'><div class='links_wrap'><\/div><a href='https:\/\/dacotrans.com.sv\/index.php\/portfolio\/aduanas\/' class='links area'><\/a><\/div><\/div><div class='under_image_portfolio'><h3 class='cws_portfolio_post_title post_title text_aligncenter'><a href='https:\/\/dacotrans.com.sv\/index.php\/portfolio\/aduanas\/'>Aduanas<\/a><\/h3><div class='cws_portfolio_post_terms post_terms text_aligncenter'>&#x20;<a href='https:\/\/dacotrans.com.sv\/index.php\/portfolio_cat\/ocean-freight\/'>Ocean Freight<\/a><\/div><div class='cws_portfolio_posts_grid_post_content post_content text_aligncenter'>Servicio de Tramite Aduanal El objetivo principal es ofrecer un servicio integral con m\u00e1xima calidad y adaptado a sus necesidades, nuestra <\/div><\/div><\/div><\/article><article id='post_post_69f5bffb2b1b0' class='ocean-freight tax_portfolio item portfolio_item_post portfolio_item_grid_post item clearfix under_img appear_style hoverdef'   ><div class='item_content'><div class='post_media post_post_media post_posts_grid_post_media'><div class='pic'><img src='https:\/\/dacotrans.com.sv\/wp-content\/uploads\/2021\/02\/seguro-carga_017200cf0_3771.jpg' data-at2x='https:\/\/dacotrans.com.sv\/wp-content\/uploads\/2021\/02\/seguro-carga_017200cf0_3771@2x.jpg'  alt='seguro-carga' \/><\/div><div class='cws_portfolio_content_wrap'><div class='links_wrap'><\/div><a href='https:\/\/dacotrans.com.sv\/index.php\/portfolio\/seguros\/' class='links area'><\/a><\/div><\/div><div class='under_image_portfolio'><h3 class='cws_portfolio_post_title post_title text_aligncenter'><a href='https:\/\/dacotrans.com.sv\/index.php\/portfolio\/seguros\/'>Seguros de Carga<\/a><\/h3><div class='cws_portfolio_post_terms post_terms text_aligncenter'>&#x20;<a href='https:\/\/dacotrans.com.sv\/index.php\/portfolio_cat\/ocean-freight\/'>Ocean Freight<\/a><\/div><div class='cws_portfolio_posts_grid_post_content post_content text_aligncenter'>Servicio de Seguros de carga El seguro de transporte es fundamental para proteger las mercanc\u00edas de su empresa durante la log\u00edstica del tr<\/div><\/div><\/div><\/article><\/div><\/div><\/section>[\/vc_column][\/vc_row]\n<\/section>","protected":false},"excerpt":{"rendered":"Servicio de Seguros de carga El seguro de transporte es fundamental para proteger las mercanc\u00edas de su empresa durante la log\u00edstica del transporte de carga","protected":false},"author":1,"featured_media":0,"parent":0,"menu_order":0,"comment_status":"closed","ping_status":"closed","template":"","meta":{"footnotes":""},"_links":{"self":[{"href":"https:\/\/dacotrans.com.sv\/index.php\/wp-json\/wp\/v2\/pages\/1170"}],"collection":[{"href":"https:\/\/dacotrans.com.sv\/index.php\/wp-json\/wp\/v2\/pages"}],"about":[{"href":"https:\/\/dacotrans.com.sv\/index.php\/wp-json\/wp\/v2\/types\/page"}],"author":[{"embeddable":true,"href":"https:\/\/dacotrans.com.sv\/index.php\/wp-json\/wp\/v2\/users\/1"}],"replies":[{"embeddable":true,"href":"https:\/\/dacotrans.com.sv\/index.php\/wp-json\/wp\/v2\/comments?post=1170"}],"version-history":[{"count":0,"href":"https:\/\/dacotrans.com.sv\/index.php\/wp-json\/wp\/v2\/pages\/1170\/revisions"}],"wp:attachment":[{"href":"https:\/\/dacotrans.com.sv\/index.php\/wp-json\/wp\/v2\/media?parent=1170"}],"curies":[{"name":"wp","href":"https:\/\/api.w.org\/{rel}","templated":true}]}}