{"id":1158,"date":"2019-01-18T09:56:08","date_gmt":"2019-01-18T09:56:08","guid":{"rendered":"https:\/\/dacotrans.com.sv\/index.php\/two-columns\/"},"modified":"2021-03-04T09:48:53","modified_gmt":"2021-03-04T15:48:53","slug":"proyectos","status":"publish","type":"page","link":"https:\/\/dacotrans.com.sv\/index.php\/proyectos\/","title":{"rendered":"Proyectos"},"content":{"rendered":"<section class=\"wpb-content-wrapper\">[vc_row][vc_column]<section id='cws_portfolio_posts_grid_69e22fa05aa4a' class='posts_grid cws_portfolio_posts_grid cws_portfolio_posts_grid posts_grid_2 posts_grid_grid meta_show simple_filter render_styles ' data-style='&quot;&quot;' data-col='2'><div class='cws_vc_shortcode_wrapper'><div class='cws_vc_shortcode_grid'><div class='grid-sizer'><\/div><article id='post_post_69e22fa05cfc4' class='proyecto tax_portfolio item portfolio_item_post portfolio_item_grid_post item clearfix under_img add_title_divider appear_style hoverdef'   ><div class='item_content'><div class='post_media post_post_media post_posts_grid_post_media'><div class='pic'><img src='https:\/\/dacotrans.com.sv\/wp-content\/uploads\/2021\/02\/IMG_20200828_111943_023a01ab0_3763.jpg' data-at2x='https:\/\/dacotrans.com.sv\/wp-content\/uploads\/2021\/02\/IMG_20200828_111943_023a01ab0_3763@2x.jpg'  alt='IMG_20200828_111943' \/><\/div><div class='cws_portfolio_content_wrap'><div class='links_wrap'><\/div><a href='https:\/\/dacotrans.com.sv\/index.php\/portfolio\/carga\/' class='links area'><\/a><\/div><\/div><div class='under_image_portfolio'><h3 class='cws_portfolio_post_title post_title text_aligncenter'><a href='https:\/\/dacotrans.com.sv\/index.php\/portfolio\/carga\/'>Carga Sobredimensionada<\/a><\/h3><div class='cws_portfolio_posts_grid_post_content post_content text_aligncenter'>Carga Sobredimensionada Somos especialistas en cargas sobredimesionadas Somos especialistas en el manejo y ejecuci\u00f3n de proyectos<\/div><\/div><\/div><\/article><\/div><\/div><\/section>[\/vc_column][\/vc_row]\n<\/section>","protected":false},"excerpt":{"rendered":"Carga Sobredimensionada Somos especialistas en cargas sobredimesionadas Somos especialistas en el manejo y ejecuci\u00f3n de proyectos de carga sobre dimensionada ofreciendo a nuestros clientes un servicio \"door to door\" para cargas especiales. M\u00e1s de 25 a\u00f1os de experiencia nos respaldan como pioneros en el \u00e1rea Centroamericana. Contamos personal altamente calificado y equipos modernos que, nos permiten ejecutar cualquier proyecto de forma eficiente, preciso y seguro brindando a nuestros clientes soluciones integrales para la ejecuci\u00f3n de cualquier proyecto. Ofrecemos nuestros servicios en diversos sectores como: Proyectos de generaci\u00f3n de energ\u00eda e\u00f3lica, hidr\u00e1ulica y t\u00e9rmica, cementeras, textilera, ingenios entre otros. Ponemos a su disposici\u00f3n los siguientes servicios: \u2022 Transporte terrestre de carga sobredimensionada \u2022 Servicios de gr\u00faa \u2022 Remoci\u00f3n de obst\u00e1culos \u2022 Construcci\u00f3n de v\u00edas alternas (by pass) \u2022 Refuerzo de puentes \u2022 Gestiones aduanales","protected":false},"author":1,"featured_media":0,"parent":0,"menu_order":0,"comment_status":"closed","ping_status":"closed","template":"","meta":{"footnotes":""},"_links":{"self":[{"href":"https:\/\/dacotrans.com.sv\/index.php\/wp-json\/wp\/v2\/pages\/1158"}],"collection":[{"href":"https:\/\/dacotrans.com.sv\/index.php\/wp-json\/wp\/v2\/pages"}],"about":[{"href":"https:\/\/dacotrans.com.sv\/index.php\/wp-json\/wp\/v2\/types\/page"}],"author":[{"embeddable":true,"href":"https:\/\/dacotrans.com.sv\/index.php\/wp-json\/wp\/v2\/users\/1"}],"replies":[{"embeddable":true,"href":"https:\/\/dacotrans.com.sv\/index.php\/wp-json\/wp\/v2\/comments?post=1158"}],"version-history":[{"count":3,"href":"https:\/\/dacotrans.com.sv\/index.php\/wp-json\/wp\/v2\/pages\/1158\/revisions"}],"predecessor-version":[{"id":3877,"href":"https:\/\/dacotrans.com.sv\/index.php\/wp-json\/wp\/v2\/pages\/1158\/revisions\/3877"}],"wp:attachment":[{"href":"https:\/\/dacotrans.com.sv\/index.php\/wp-json\/wp\/v2\/media?parent=1158"}],"curies":[{"name":"wp","href":"https:\/\/api.w.org\/{rel}","templated":true}]}}